{"id":3575,"date":"2019-12-04T17:54:28","date_gmt":"2019-12-04T17:54:28","guid":{"rendered":"http:\/\/www.gato.org.pt\/?page_id=3575"},"modified":"2019-12-04T18:19:31","modified_gmt":"2019-12-04T18:19:31","slug":"politica-da-qualidade","status":"publish","type":"page","link":"https:\/\/www.gato.org.pt\/?page_id=3575","title":{"rendered":"Pol\u00edtica da Qualidade"},"content":{"rendered":"<p><a href=\"http:\/\/www.gato.org.pt\/wp-content\/uploads\/2019\/12\/politica-da-qulalidez-logo-e1575482020212.jpg\"><img loading=\"lazy\" decoding=\"async\" class=\"alignnone size-medium wp-image-3574\" src=\"http:\/\/www.gato.org.pt\/wp-content\/uploads\/2019\/12\/politica-da-qulalidez-logo-300x225.jpg\" alt=\"\" width=\"300\" height=\"225\" \/><\/a><\/p>\n<p>A Pol\u00edtica da Qualidade do G.A.TO. traduz-se na realiza\u00e7\u00e3o da sua miss\u00e3o atrav\u00e9s de uma actua\u00e7\u00e3o dirigida em 5 vertentes:<\/p>\n<p>Inova\u00e7\u00e3o e Aperfei\u00e7oamento dos Colaboradores<br \/>\n\u2022 Promover o trabalho de equipa, incentivando os seus colaboradores para a inova\u00e7\u00e3o e o aperfei\u00e7oamento.<br \/>\n\u2022 Atrav\u00e9s da identifica\u00e7\u00e3o das necessidades de forma\u00e7\u00e3o, assegurar a participa\u00e7\u00e3o em ac\u00e7\u00f5es de forma\u00e7\u00e3o, visando a melhoria cont\u00ednua dos servi\u00e7os prestados e do Sistema de Gest\u00e3o da Qualidade.<br \/>\n\u2022 Defini\u00e7\u00e3o de objectivos anuais de qualidade, e atrav\u00e9s da sua monitoriza\u00e7\u00e3o melhorar continuamente os servi\u00e7os prestados e Sistema de Gest\u00e3o da Qualidade para a satisfa\u00e7\u00e3o dos clientes.<\/p>\n<p>Satisfa\u00e7\u00e3o dos clientes e outras partes interessadas<br \/>\n\u2022 Proporcionar servi\u00e7os que superem as expectativas dos clientes, atrav\u00e9s do respeito pela individualidade, rela\u00e7\u00e3o de confian\u00e7a e do desenvolvimento de pr\u00e1ticas e estrat\u00e9gias de interven\u00e7\u00e3o adequadas.<br \/>\n\u2022 Satisfazer as necessidades dos clientes, visando a promo\u00e7\u00e3o do equil\u00edbrio biopsicossocial.<br \/>\n\u2022 Monitorizar a satisfa\u00e7\u00e3o dos clientes, no sentido da melhoria cont\u00ednua do servi\u00e7o prestado.<\/p>\n<p>Corresponder \u00e0s necessidades e expectativas dos parceiros, desenvolvendo redes de parceria<br \/>\n\u2022 Privilegiar o desenvolvimento cont\u00ednuo das redes de parceria dando resposta \u00e0s necessidades diagnosticadas ao longo da sua interven\u00e7\u00e3o.<br \/>\n\u2022 Informar de forma respons\u00e1vel e transparente os nossos parceiros sobre a qualidade do servi\u00e7o prestado.<\/p>\n<p>Cumprimento dos requisitos legais, estatut\u00e1rios e outros aplic\u00e1veis<br \/>\nO G.A.TO., atrav\u00e9s de uma lideran\u00e7a activa, assegura o cumprimento dos requisitos legais, estatut\u00e1rios e outros aplic\u00e1veis \u00e0s suas actividades com vista \u00e0 melhoria cont\u00ednua.<\/p>\n<p>Rela\u00e7\u00f5es ben\u00e9ficas com Fornecedores<br \/>\nSeleccionar e avaliar continuamente os fornecedores, promovendo uma rela\u00e7\u00e3o de respeito e confian\u00e7a.<\/p>\n<p>O G.A.TO. assume-se como uma Associa\u00e7\u00e3o respeit\u00e1vel e interveniente na \u00e1rea social, constitu\u00edda por uma equipa interdisciplinar, motivada, competente e inovadora, procurando atingir o bem-estar, do cliente e consequentemente da sociedade envolvente.<\/p>\n<p>O G.A.TO. assume assim o compromisso de cumprimento dos pressupostos decorrentes desta Pol\u00edtica da Qualidade que servir\u00e3o de enquadramento para o estabelecimento e revis\u00e3o dos objectivos da Qualidade e para a melhoria cont\u00ednua do Servi\u00e7o prestado e do Sistema de Gest\u00e3o da Qualidade e para o crescimento sustent\u00e1vel da Associa\u00e7\u00e3o.<\/p>\n<p>A Direc\u00e7\u00e3o<\/p>\n","protected":false},"excerpt":{"rendered":"<p>A Pol\u00edtica da Qualidade do G.A.TO. traduz-se na realiza\u00e7\u00e3o da sua miss\u00e3o atrav\u00e9s de uma actua\u00e7\u00e3o dirigida em 5 vertentes: Inova\u00e7\u00e3o e Aperfei\u00e7oamento dos Colaboradores \u2022 Promover o trabalho de equipa, incentivando os seus colaboradores para a inova\u00e7\u00e3o e o aperfei\u00e7oamento. \u2022 Atrav\u00e9s da identifica\u00e7\u00e3o das necessidades de forma\u00e7\u00e3o, assegurar a participa\u00e7\u00e3o em ac\u00e7\u00f5es de [&hellip;]<\/p>\n","protected":false},"author":1,"featured_media":0,"parent":0,"menu_order":0,"comment_status":"closed","ping_status":"closed","template":"","meta":{"footnotes":""},"class_list":["post-3575","page","type-page","status-publish","hentry"],"_links":{"self":[{"href":"https:\/\/www.gato.org.pt\/index.php?rest_route=\/wp\/v2\/pages\/3575","targetHints":{"allow":["GET"]}}],"collection":[{"href":"https:\/\/www.gato.org.pt\/index.php?rest_route=\/wp\/v2\/pages"}],"about":[{"href":"https:\/\/www.gato.org.pt\/index.php?rest_route=\/wp\/v2\/types\/page"}],"author":[{"embeddable":true,"href":"https:\/\/www.gato.org.pt\/index.php?rest_route=\/wp\/v2\/users\/1"}],"replies":[{"embeddable":true,"href":"https:\/\/www.gato.org.pt\/index.php?rest_route=%2Fwp%2Fv2%2Fcomments&post=3575"}],"version-history":[{"count":6,"href":"https:\/\/www.gato.org.pt\/index.php?rest_route=\/wp\/v2\/pages\/3575\/revisions"}],"predecessor-version":[{"id":3582,"href":"https:\/\/www.gato.org.pt\/index.php?rest_route=\/wp\/v2\/pages\/3575\/revisions\/3582"}],"wp:attachment":[{"href":"https:\/\/www.gato.org.pt\/index.php?rest_route=%2Fwp%2Fv2%2Fmedia&parent=3575"}],"curies":[{"name":"wp","href":"https:\/\/api.w.org\/{rel}","templated":true}]}}