{"id":2590,"date":"2013-10-21T12:39:03","date_gmt":"2013-10-21T11:39:03","guid":{"rendered":"http:\/\/www.kriesi.at\/themes\/enfold\/?page_id=2590"},"modified":"2015-09-24T17:20:44","modified_gmt":"2015-09-24T16:20:44","slug":"masonry-blog","status":"publish","type":"page","link":"https:\/\/www.gato.org.pt\/?page_id=2590","title":{"rendered":"Not\u00edcias"},"content":{"rendered":"<div id='av-masonry-1' class='av-masonry av-av_masonry_entries-1705abefa2f65af084adcef1d68d1437 noHover av-fixed-size av-1px-gap av-hover-overlay-active av-masonry-animation-active av-masonry-col-automatic av-caption-always av-caption-style- av-masonry-entries ' data-post_id=\"2590\"><div class=\"av-masonry-container isotope av-js-disabled\"><div class='av-masonry-entry isotope-item av-masonry-item-no-image all_sort geral_sort '><\/div><a href=\"https:\/\/www.gato.org.pt\/?p=3889\"  id='av-masonry-1-item-3889' data-av-masonry-item='3889' class='av-masonry-entry isotope-item post-3889 post type-post status-publish format-standard hentry category-geral all_sort geral_sort  av-masonry-item-no-image' title=\"Assembleia Geral &#8211; 30 de Mar\u00e7o 2026\"   itemscope=\"itemscope\" itemtype=\"https:\/\/schema.org\/CreativeWork\" ><div class='av-inner-masonry-sizer'><\/div><figure class='av-inner-masonry main_color'><figcaption class='av-inner-masonry-content site-background'><div class='av-inner-masonry-content-pos'><div class='av-inner-masonry-content-pos-content'><div class='avia-arrow'><\/div><h3 class='av-masonry-entry-title entry-title '  itemprop=\"headline\" >Assembleia Geral &#8211; 30 de Mar\u00e7o 2026<\/h3><div class='av-masonry-entry-content entry-content'  itemprop=\"text\" >A. Geral - Relat\u00f3rio e Contas 2026 - Convocat\u00f3riaDescarre\u2026<\/div><span class='av-masonry-date meta-color updated'>10 Mar\u00e7o, 2026<\/span><span class=\"av-masonry-text-sep text-sep-author\">\/<\/span><span class='av-masonry-author meta-color author'><span class='fn'>by admin<\/span><\/span><\/div><\/div><\/figcaption><\/figure><\/a><!--end av-masonry entry--><a href=\"https:\/\/www.gato.org.pt\/?p=3834\"  id='av-masonry-1-item-3834' data-av-masonry-item='3834' class='av-masonry-entry isotope-item post-3834 post type-post status-publish format-standard hentry category-geral all_sort geral_sort  av-masonry-item-no-image' title=\"Assembleia Geral &#8211; 15\/12\/2025\"   itemscope=\"itemscope\" itemtype=\"https:\/\/schema.org\/CreativeWork\" ><div class='av-inner-masonry-sizer'><\/div><figure class='av-inner-masonry main_color'><figcaption class='av-inner-masonry-content site-background'><div class='av-inner-masonry-content-pos'><div class='av-inner-masonry-content-pos-content'><div class='avia-arrow'><\/div><h3 class='av-masonry-entry-title entry-title '  itemprop=\"headline\" >Assembleia Geral &#8211; 15\/12\/2025<\/h3><div class='av-masonry-entry-content entry-content'  itemprop=\"text\" >A. Geral - Plano Or\u00e7amento 2026.Convocat\u00f3riaDescarregar<\/div><span class='av-masonry-date meta-color updated'>28 Novembro, 2025<\/span><span class=\"av-masonry-text-sep text-sep-author\">\/<\/span><span class='av-masonry-author meta-color author'><span class='fn'>by admin<\/span><\/span><\/div><\/div><\/figcaption><\/figure><\/a><!--end av-masonry entry--><a href=\"https:\/\/www.gato.org.pt\/?p=3822\"  id='av-masonry-1-item-3822' data-av-masonry-item='3822' class='av-masonry-entry isotope-item post-3822 post type-post status-publish format-standard has-post-thumbnail hentry category-geral all_sort geral_sort  av-masonry-item-with-image av-grid-img' title=\"Sem t\u00edtulo\"   itemscope=\"itemscope\" itemtype=\"https:\/\/schema.org\/CreativeWork\" ><div class='av-inner-masonry-sizer'><\/div><figure class='av-inner-masonry main_color'><div class=\"av-masonry-outerimage-container\"><div class='av-masonry-image-container' style=\"background-image: url(https:\/\/www.gato.org.pt\/wp-content\/uploads\/2025\/11\/Sem-titulo-705x460.jpg);\"  title=\"Sem t\u00edtulo\" ><\/div><\/div><figcaption class='av-inner-masonry-content site-background'><div class='av-inner-masonry-content-pos'><div class='av-inner-masonry-content-pos-content'><div class='avia-arrow'><\/div><h3 class='av-masonry-entry-title entry-title '  itemprop=\"headline\" >A nossa participa\u00e7\u00e3o na II Edi\u00e7\u00e3o do \u201c\u00c9 UM CONGRESSO \u2013 Housing First &amp; Harm Reduction\u201d<\/h3><div class='av-masonry-entry-content entry-content'  itemprop=\"text\" >Nos dias 6 e 7 de novembro, estivemos presentes na II edi\u00e7\u00e3o\u2026<\/div><span class='av-masonry-date meta-color updated'>25 Novembro, 2025<\/span><span class=\"av-masonry-text-sep text-sep-author\">\/<\/span><span class='av-masonry-author meta-color author'><span class='fn'>by admin<\/span><\/span><\/div><\/div><\/figcaption><\/figure><\/a><!--end av-masonry entry--><a href=\"https:\/\/www.gato.org.pt\/?p=3783\"  id='av-masonry-1-item-3783' data-av-masonry-item='3783' class='av-masonry-entry isotope-item post-3783 post type-post status-publish format-standard hentry category-geral all_sort geral_sort  av-masonry-item-no-image' title=\"Relat\u00f3rio de Contas e Parecer do Conselho Fiscal (2024)\"   itemscope=\"itemscope\" itemtype=\"https:\/\/schema.org\/CreativeWork\" ><div class='av-inner-masonry-sizer'><\/div><figure class='av-inner-masonry main_color'><figcaption class='av-inner-masonry-content site-background'><div class='av-inner-masonry-content-pos'><div class='av-inner-masonry-content-pos-content'><div class='avia-arrow'><\/div><h3 class='av-masonry-entry-title entry-title '  itemprop=\"headline\" >Relat\u00f3rio de Contas e Parecer do Conselho Fiscal (2024)<\/h3><div class='av-masonry-entry-content entry-content'  itemprop=\"text\" >Relat\u00f3rio de Contas 2024<br \/>\r\n<br \/>\r\nParecer Conselho Fiscal<\/div><span class='av-masonry-date meta-color updated'>4 Junho, 2025<\/span><span class=\"av-masonry-text-sep text-sep-author\">\/<\/span><span class='av-masonry-author meta-color author'><span class='fn'>by admin<\/span><\/span><\/div><\/div><\/figcaption><\/figure><\/a><!--end av-masonry entry--><a href=\"https:\/\/www.gato.org.pt\/?p=3776\"  id='av-masonry-1-item-3776' data-av-masonry-item='3776' class='av-masonry-entry isotope-item post-3776 post type-post status-publish format-standard hentry category-geral all_sort geral_sort  av-masonry-item-no-image' title=\"22-04-2025 &#8211; Assembleia Geral\"   itemscope=\"itemscope\" itemtype=\"https:\/\/schema.org\/CreativeWork\" ><div class='av-inner-masonry-sizer'><\/div><figure class='av-inner-masonry main_color'><figcaption class='av-inner-masonry-content site-background'><div class='av-inner-masonry-content-pos'><div class='av-inner-masonry-content-pos-content'><div class='avia-arrow'><\/div><h3 class='av-masonry-entry-title entry-title '  itemprop=\"headline\" >22-04-2025 &#8211; Assembleia Geral<\/h3><div class='av-masonry-entry-content entry-content'  itemprop=\"text\" >Ordem de Trabalhos:<br \/>\r\n<br \/>\r\nPonto \u00danico \u2013 Aprecia\u00e7\u00e3o, discuss\u00e3o\u2026<\/div><span class='av-masonry-date meta-color updated'>7 Abril, 2025<\/span><span class=\"av-masonry-text-sep text-sep-author\">\/<\/span><span class='av-masonry-author meta-color author'><span class='fn'>by admin<\/span><\/span><\/div><\/div><\/figcaption><\/figure><\/a><!--end av-masonry entry--><a href=\"https:\/\/www.gato.org.pt\/?p=3770\"  id='av-masonry-1-item-3770' data-av-masonry-item='3770' class='av-masonry-entry isotope-item post-3770 post type-post status-publish format-standard hentry category-geral all_sort geral_sort  av-masonry-item-no-image' title=\"Estamos a Recrutar &#8211; Terapeuta Ocupacional\"   itemscope=\"itemscope\" itemtype=\"https:\/\/schema.org\/CreativeWork\" ><div class='av-inner-masonry-sizer'><\/div><figure class='av-inner-masonry main_color'><figcaption class='av-inner-masonry-content site-background'><div class='av-inner-masonry-content-pos'><div class='av-inner-masonry-content-pos-content'><div class='avia-arrow'><\/div><h3 class='av-masonry-entry-title entry-title '  itemprop=\"headline\" >Estamos a Recrutar &#8211; Terapeuta Ocupacional<\/h3><span class='av-masonry-date meta-color updated'>26 Mar\u00e7o, 2025<\/span><span class=\"av-masonry-text-sep text-sep-author\">\/<\/span><span class='av-masonry-author meta-color author'><span class='fn'>by admin<\/span><\/span><\/div><\/div><\/figcaption><\/figure><\/a><!--end av-masonry entry--><a href=\"https:\/\/www.gato.org.pt\/?p=3757\"  id='av-masonry-1-item-3757' data-av-masonry-item='3757' class='av-masonry-entry isotope-item post-3757 post type-post status-publish format-standard hentry category-geral all_sort geral_sort  av-masonry-item-no-image' title=\"Assembleia Geral \u2013 28-03-2025\"   itemscope=\"itemscope\" itemtype=\"https:\/\/schema.org\/CreativeWork\" ><div class='av-inner-masonry-sizer'><\/div><figure class='av-inner-masonry main_color'><figcaption class='av-inner-masonry-content site-background'><div class='av-inner-masonry-content-pos'><div class='av-inner-masonry-content-pos-content'><div class='avia-arrow'><\/div><h3 class='av-masonry-entry-title entry-title '  itemprop=\"headline\" >Assembleia Geral \u2013 28-03-2025<\/h3><div class='av-masonry-entry-content entry-content'  itemprop=\"text\" >Ordem de Trabalhos:<br \/>\r\n<br \/>\r\nPonto \u00danico \u2013 Aprecia\u00e7\u00e3o, discuss\u00e3o\u2026<\/div><span class='av-masonry-date meta-color updated'>3 Mar\u00e7o, 2025<\/span><span class=\"av-masonry-text-sep text-sep-author\">\/<\/span><span class='av-masonry-author meta-color author'><span class='fn'>by admin<\/span><\/span><\/div><\/div><\/figcaption><\/figure><\/a><!--end av-masonry entry--><a href=\"https:\/\/www.gato.org.pt\/?p=3717\"  id='av-masonry-1-item-3717' data-av-masonry-item='3717' class='av-masonry-entry isotope-item post-3717 post type-post status-publish format-standard hentry category-geral all_sort geral_sort  av-masonry-item-no-image' title=\"Estamos a Recrutar &#8211; Ajudante de A\u00e7\u00e3o Direta\"   itemscope=\"itemscope\" itemtype=\"https:\/\/schema.org\/CreativeWork\" ><div class='av-inner-masonry-sizer'><\/div><figure class='av-inner-masonry main_color'><figcaption class='av-inner-masonry-content site-background'><div class='av-inner-masonry-content-pos'><div class='av-inner-masonry-content-pos-content'><div class='avia-arrow'><\/div><h3 class='av-masonry-entry-title entry-title '  itemprop=\"headline\" >Estamos a Recrutar &#8211; Ajudante de A\u00e7\u00e3o Direta<\/h3><div class='av-masonry-entry-content entry-content'  itemprop=\"text\" >ESTAMOS A RECRUTAR<\/div><span class='av-masonry-date meta-color updated'>10 Dezembro, 2024<\/span><span class=\"av-masonry-text-sep text-sep-author\">\/<\/span><span class='av-masonry-author meta-color author'><span class='fn'>by admin<\/span><\/span><\/div><\/div><\/figcaption><\/figure><\/a><!--end av-masonry entry--><a href=\"https:\/\/www.gato.org.pt\/?p=3712\"  id='av-masonry-1-item-3712' data-av-masonry-item='3712' class='av-masonry-entry isotope-item post-3712 post type-post status-publish format-standard hentry category-geral all_sort geral_sort  av-masonry-item-no-image' title=\"Assembleia Geral &#8211; 28\/11\/2024\"   itemscope=\"itemscope\" itemtype=\"https:\/\/schema.org\/CreativeWork\" ><div class='av-inner-masonry-sizer'><\/div><figure class='av-inner-masonry main_color'><figcaption class='av-inner-masonry-content site-background'><div class='av-inner-masonry-content-pos'><div class='av-inner-masonry-content-pos-content'><div class='avia-arrow'><\/div><h3 class='av-masonry-entry-title entry-title '  itemprop=\"headline\" >Assembleia Geral &#8211; 28\/11\/2024<\/h3><div class='av-masonry-entry-content entry-content'  itemprop=\"text\" >Ordem de Trabalhos: Ponto \u00danico \u2013 Aprecia\u00e7\u00e3o, discuss\u00e3o\u2026<\/div><span class='av-masonry-date meta-color updated'>13 Novembro, 2024<\/span><span class=\"av-masonry-text-sep text-sep-author\">\/<\/span><span class='av-masonry-author meta-color author'><span class='fn'>by admin<\/span><\/span><\/div><\/div><\/figcaption><\/figure><\/a><!--end av-masonry entry--><a href=\"https:\/\/www.gato.org.pt\/?p=3706\"  id='av-masonry-1-item-3706' data-av-masonry-item='3706' class='av-masonry-entry isotope-item post-3706 post type-post status-publish format-standard hentry category-geral all_sort geral_sort  av-masonry-item-no-image' title=\"Relat\u00f3rio de Contas e Parecer do Conselho Fiscal (2023)\"   itemscope=\"itemscope\" itemtype=\"https:\/\/schema.org\/CreativeWork\" ><div class='av-inner-masonry-sizer'><\/div><figure class='av-inner-masonry main_color'><figcaption class='av-inner-masonry-content site-background'><div class='av-inner-masonry-content-pos'><div class='av-inner-masonry-content-pos-content'><div class='avia-arrow'><\/div><h3 class='av-masonry-entry-title entry-title '  itemprop=\"headline\" >Relat\u00f3rio de Contas e Parecer do Conselho Fiscal (2023)<\/h3><div class='av-masonry-entry-content entry-content'  itemprop=\"text\" >Relat\u00f3rio e Contas _2023<br \/>\r\n<br \/>\r\nParecer\u00a0 do Conselho Fiscal_20\u2026<\/div><span class='av-masonry-date meta-color updated'>13 Maio, 2024<\/span><span class=\"av-masonry-text-sep text-sep-author\">\/<\/span><span class='av-masonry-author meta-color author'><span class='fn'>by admin<\/span><\/span><\/div><\/div><\/figcaption><\/figure><\/a><!--end av-masonry entry--><\/div><a class='av-masonry-pagination av-masonry-load-more' href='#load-more'  data-link='category'  data-term_rel='IN'  data-wc_prod_visible=''  data-wc_prod_hidden=''  data-wc_prod_featured=''  data-prod_order_by=''  data-prod_order=''  data-date_filter=''  data-date_filter_start=''  data-date_filter_end=''  data-date_filter_format='yy\/mm\/dd'  data-period_filter_unit_1=''  data-period_filter_unit_2=''  data-page_element_filter=''  data-sort='yes'  data-query_orderby='date'  data-query_order='DESC'  data-caption_elements='title excerpt'  data-caption_styling=''  data-caption_display='always'  data-img_copyright=''  data-size='fixed manually'  data-orientation=''  data-image_size='masonry'  data-gap='1px'  data-columns='automatic'  data-av-desktop-columns=''  data-av-medium-columns=''  data-av-small-columns=''  data-av-mini-columns=''  data-items='10'  data-paginate='load_more'  data-color=''  data-custom_bg=''  data-img_copyright_font=''  data-av-desktop-font-img_copyright_font=''  data-av-medium-font-img_copyright_font=''  data-av-small-font-img_copyright_font=''  data-av-mini-font-img_copyright_font=''  data-img_copyright_color=''  data-img_copyright_bg=''  data-animation='active'  data-animation_duration=''  data-animation_custom_bg_color=''  data-animation_custom_bg_color_multi_list=''  data-animation_z_index_curtain='100'  data-overlay_fx='active'  data-img_scrset=''  data-lazy_loading='disabled'  data-av-desktop-hide=''  data-av-medium-hide=''  data-av-small-hide=''  data-av-mini-hide=''  data-alb_description=''  data-id=''  data-custom_class=''  data-template_class=''  data-av_uid=''  data-sc_version='1.0'  data-ids=''  data-action=''  data-post_type='post, page, attachment, revision, nav_menu_item, custom_css, customize_changeset, oembed_cache, user_request, wp_block, wp_template, wp_template_part, wp_global_styles, wp_navigation, wp_font_family, wp_font_face, alb_custom_layout, portfolio, avia_framework_post'  data-offset='0'  data-container_links='active'  data-link_dest=''  data-lightbox_text=''  data-container_class='av-masonry-entries'  data-auto_ratio='1.7'  data-set_breadcrumb='1'  data-custom_markup=''  data-taxonomy='category'  data-categories='1'  data-avno='f14e008e60'>Load more<\/a><\/div>\n","protected":false},"excerpt":{"rendered":"","protected":false},"author":1,"featured_media":0,"parent":0,"menu_order":0,"comment_status":"open","ping_status":"closed","template":"","meta":{"footnotes":""},"class_list":["post-2590","page","type-page","status-publish","hentry"],"_links":{"self":[{"href":"https:\/\/www.gato.org.pt\/index.php?rest_route=\/wp\/v2\/pages\/2590","targetHints":{"allow":["GET"]}}],"collection":[{"href":"https:\/\/www.gato.org.pt\/index.php?rest_route=\/wp\/v2\/pages"}],"about":[{"href":"https:\/\/www.gato.org.pt\/index.php?rest_route=\/wp\/v2\/types\/page"}],"author":[{"embeddable":true,"href":"https:\/\/www.gato.org.pt\/index.php?rest_route=\/wp\/v2\/users\/1"}],"replies":[{"embeddable":true,"href":"https:\/\/www.gato.org.pt\/index.php?rest_route=%2Fwp%2Fv2%2Fcomments&post=2590"}],"version-history":[{"count":3,"href":"https:\/\/www.gato.org.pt\/index.php?rest_route=\/wp\/v2\/pages\/2590\/revisions"}],"predecessor-version":[{"id":3431,"href":"https:\/\/www.gato.org.pt\/index.php?rest_route=\/wp\/v2\/pages\/2590\/revisions\/3431"}],"wp:attachment":[{"href":"https:\/\/www.gato.org.pt\/index.php?rest_route=%2Fwp%2Fv2%2Fmedia&parent=2590"}],"curies":[{"name":"wp","href":"https:\/\/api.w.org\/{rel}","templated":true}]}}