{"id":31,"date":"2009-08-24T14:44:01","date_gmt":"2009-08-24T13:44:01","guid":{"rendered":"http:\/\/gato.org.pt\/?page_id=31"},"modified":"2009-08-24T17:24:23","modified_gmt":"2009-08-24T16:24:23","slug":"projecto-adissida","status":"publish","type":"page","link":"http:\/\/www.gato.org.pt\/?page_id=31","title":{"rendered":"Projecto ADIS\/SIDA"},"content":{"rendered":"<p>Desde 1995 que o GATO tem vindo a desenvolver projectos em meio prisional.<\/p>\n<p>Actualmente dinamiza o <strong>Projecto Prevenir Saudavelmente<\/strong> no \u00e2mbito do\u00a0Programa ADIS\/SIDA\u00a0desde Abril de 2007. Este projecto abarca os estabelecimentos prisionais de Faro, Olh\u00e3o, Silves\u00a0 e\u00a0 integra quatro actividades:<\/p>\n<p>&#8211; <strong>Apoio Psicossocial Individual: <\/strong><\/p>\n<p>\u00c9 realizado semanalmente. Os reclusos em acompanhamento beneficiam de um espa\u00e7o confidencial que permite a express\u00e3o de viv\u00eancias, a reflex\u00e3o acompanhada sobre quest\u00f5es pessoais, sejam elas relacionadas com a reclus\u00e3o ou n\u00e3o.<\/p>\n<p>Procura-se uma melhora da auto-estima e do auto-conceito que por sua vez funcionam como motor para a procura de um estilo de vida mais saud\u00e1vel, para uma adequada reinser\u00e7\u00e3o, para o desenvolvimento de compet\u00eancias pessoais e sociais.<\/p>\n<p>&#8211;<strong>Apoio Psicossocial em Grupo:<\/strong><\/p>\n<p>Tamb\u00e9m realizado semanalmente, trata-se de um espa\u00e7o de partilha e de crescimento entre os membros do grupo, onde s\u00e3o inclu\u00eddas as din\u00e2micas de grupos e jogos pedag\u00f3gicos, bem como brainstorming de temas e respectivos debates tem\u00e1ticos. Abordam-se temas como a toxicodepend\u00eancia, priva\u00e7\u00e3o de liberdade, HIV\/SIDA, reinser\u00e7\u00e3o socioprofissional e pedidos de ajuda para situa\u00e7\u00f5es espec\u00edficas.<\/p>\n<p>&#8211;<strong>Rastreio do VIH\/SIDA:<\/strong><\/p>\n<p>\u00c9 constitu\u00eddo por cinco fases. Inicialmente \u00e9 visionado um v\u00eddeo acerca do VIH\/SIDA nas suas diferentes vertentes: conceito, formas de transmiss\u00e3o, preven\u00e7\u00e3o, discrimina\u00e7\u00e3o. De seguida realiza-se um debate acerca do tema e procede-se ao pr\u00e9-aconselhamento, teste r\u00e1pido e p\u00f3s-aconselhamento. Os reclusos podem optar por todas as fases deste processo ou escolher somente algumas. Esta actividade do rastreio do VIH\/SIDA tem como objectivo principal fazer o aconselhamento ao n\u00edvel da preven\u00e7\u00e3o.<\/p>\n<p>&#8211; <strong>Ac\u00e7\u00f5es de Sensibiliza\u00e7\u00e3o:<\/strong><\/p>\n<p>Esta actividade est\u00e1 a desenvolver-se de acordo com as necessidades diagnosticadas por cada estabelecimento prisional, podemos referir que os temas abordados s\u00e3o entre outros:<\/p>\n<p>&#8211; <span style=\"text-decoration: underline;\">HIV\/SIDA<\/span>, nesta tem\u00e1tica temos como objectivo informar e desenvolver, nos reclusos, capacidades de preven\u00e7\u00e3o do HIV\/SIDA, retratando toda a preven\u00e7\u00e3o, comportamentos de risco, os testes, a rela\u00e7\u00e3o da doen\u00e7a com a problem\u00e1tica da toxicodepend\u00eancia, o tratamento e medica\u00e7\u00e3o, o meio laboral e SIDA, descrimina\u00e7\u00e3o, etc.<\/p>\n<p>&#8211;<span style=\"text-decoration: underline;\">Cidadania e Empregabilidade<\/span>, nesta tem\u00e1tica pretendemos promover o debate e a troca de ideias, procurando sensibilizar os formandos sobre o conceito de cidadania, a sua evolu\u00e7\u00e3o, a \u00e9tica e deontologia profissional, os direitos e deveres como cidad\u00e3o e trabalhador. Na empregabilidade pretendemos munir os formandos das ferramentas ess\u00eancias para o mundo laboral.<\/p>\n","protected":false},"excerpt":{"rendered":"<p>Desde 1995 que o GATO tem vindo a desenvolver projectos em meio prisional. Actualmente dinamiza o Projecto Prevenir Saudavelmente no \u00e2mbito do\u00a0Programa ADIS\/SIDA\u00a0desde Abril de 2007. Este projecto abarca os estabelecimentos prisionais de Faro, Olh\u00e3o, Silves\u00a0 e\u00a0 integra quatro actividades: &#8211; Apoio Psicossocial Individual: \u00c9 realizado semanalmente. Os reclusos em acompanhamento beneficiam de um espa\u00e7o [&hellip;]<\/p>\n","protected":false},"author":1,"featured_media":0,"parent":0,"menu_order":0,"comment_status":"closed","ping_status":"closed","template":"page-without-sidebar.php","meta":{"footnotes":""},"class_list":["post-31","page","type-page","status-publish","hentry"],"_links":{"self":[{"href":"http:\/\/www.gato.org.pt\/index.php?rest_route=\/wp\/v2\/pages\/31","targetHints":{"allow":["GET"]}}],"collection":[{"href":"http:\/\/www.gato.org.pt\/index.php?rest_route=\/wp\/v2\/pages"}],"about":[{"href":"http:\/\/www.gato.org.pt\/index.php?rest_route=\/wp\/v2\/types\/page"}],"author":[{"embeddable":true,"href":"http:\/\/www.gato.org.pt\/index.php?rest_route=\/wp\/v2\/users\/1"}],"replies":[{"embeddable":true,"href":"http:\/\/www.gato.org.pt\/index.php?rest_route=%2Fwp%2Fv2%2Fcomments&post=31"}],"version-history":[{"count":6,"href":"http:\/\/www.gato.org.pt\/index.php?rest_route=\/wp\/v2\/pages\/31\/revisions"}],"predecessor-version":[{"id":106,"href":"http:\/\/www.gato.org.pt\/index.php?rest_route=\/wp\/v2\/pages\/31\/revisions\/106"}],"wp:attachment":[{"href":"http:\/\/www.gato.org.pt\/index.php?rest_route=%2Fwp%2Fv2%2Fmedia&parent=31"}],"curies":[{"name":"wp","href":"https:\/\/api.w.org\/{rel}","templated":true}]}}